{"id":30,"date":"2026-04-23T12:53:31","date_gmt":"2026-04-23T12:53:31","guid":{"rendered":"https:\/\/up-skills.tn\/?page_id=30"},"modified":"2026-04-23T13:00:15","modified_gmt":"2026-04-23T13:00:15","slug":"upskills-cabinet-de-formation-professionnelle-en-tunisie","status":"publish","type":"page","link":"https:\/\/up-skills.tn\/","title":{"rendered":"Notre site est en cours de construction."},"content":{"rendered":"\n<p>UPSKILLS \u2014 Cabinet de formation professionnelle en Tunisie.<\/p>\n\n\n\n<p>Conseil \u00b7 Digital Learning \u00b7 Formation sur mesure<\/p>\n\n\n\n<p class=\"has-palette-color-11-color has-text-color has-link-color wp-elements-0c1d5a59cc0a91ab3bfbbd84661f6bd2\">Nous revenons tr\u00e8s bient\u00f4t avec une exp\u00e9rience compl\u00e8te !<\/p>\n\n\n\n<p><\/p>\n","protected":false},"excerpt":{"rendered":"<p>UPSKILLS \u2014 Cabinet de formation professionnelle en Tunisie. Conseil \u00b7 Digital Learning \u00b7 Formation sur mesure Nous revenons tr\u00e8s bient\u00f4t avec une exp\u00e9rience compl\u00e8te !<\/p>\n","protected":false},"author":1,"featured_media":0,"parent":0,"menu_order":0,"comment_status":"closed","ping_status":"closed","template":"","meta":{"footnotes":""},"class_list":["post-30","page","type-page","status-publish","hentry"],"blocksy_meta":[],"_links":{"self":[{"href":"https:\/\/up-skills.tn\/index.php\/wp-json\/wp\/v2\/pages\/30","targetHints":{"allow":["GET"]}}],"collection":[{"href":"https:\/\/up-skills.tn\/index.php\/wp-json\/wp\/v2\/pages"}],"about":[{"href":"https:\/\/up-skills.tn\/index.php\/wp-json\/wp\/v2\/types\/page"}],"author":[{"embeddable":true,"href":"https:\/\/up-skills.tn\/index.php\/wp-json\/wp\/v2\/users\/1"}],"replies":[{"embeddable":true,"href":"https:\/\/up-skills.tn\/index.php\/wp-json\/wp\/v2\/comments?post=30"}],"version-history":[{"count":2,"href":"https:\/\/up-skills.tn\/index.php\/wp-json\/wp\/v2\/pages\/30\/revisions"}],"predecessor-version":[{"id":33,"href":"https:\/\/up-skills.tn\/index.php\/wp-json\/wp\/v2\/pages\/30\/revisions\/33"}],"wp:attachment":[{"href":"https:\/\/up-skills.tn\/index.php\/wp-json\/wp\/v2\/media?parent=30"}],"curies":[{"name":"wp","href":"https:\/\/api.w.org\/{rel}","templated":true}]}}